{"id":395333,"date":"2023-04-05T15:18:45","date_gmt":"2023-04-05T13:18:45","guid":{"rendered":"https:\/\/naitup.com\/?page_id=395333"},"modified":"2023-11-09T13:40:22","modified_gmt":"2023-11-09T12:40:22","slug":"quatro-roof-top-tent","status":"publish","type":"page","link":"https:\/\/naitup.com\/en\/quatro-roof-top-tent\/","title":{"rendered":"Quatr\u00f6 roof top tent"},"content":{"rendered":"<p>The Quatr\u00f6 roof tent is the flagship model of our range. It can accommodate up to 2 adults and 2 children or 3 adults. This roof tent, ultra-compact when closed, has an impressive volume when opened. Its comfortable and spacious bedding ensures you restful nights before setting off on your adventure.<\/p>\n","protected":false},"excerpt":{"rendered":"<p>The Quatr\u00f6 roof tent is the flagship model of our range. It can accommodate up to 2 adults and 2 children or 3 adults. This roof tent, ultra-compact when closed, has an impressive volume when opened. Its comfortable and spacious bedding ensures you restful nights before setting off on your adventure.<\/p>\n","protected":false},"author":10,"featured_media":392757,"parent":0,"menu_order":0,"comment_status":"closed","ping_status":"closed","template":"page-product.php","meta":{"_acf_changed":false,"footnotes":""},"class_list":["post-395333","page","type-page","status-publish","has-post-thumbnail","hentry"],"acf":[],"yoast_head":"<!-- This site is optimized with the Yoast SEO plugin v24.2 - https:\/\/yoast.com\/wordpress\/plugins\/seo\/ -->\n<title>Quatr\u00f6 roof top tent - Na\u00eftUp<\/title>\n<meta name=\"robots\" content=\"index, follow, max-snippet:-1, max-image-preview:large, max-video-preview:-1\" \/>\n<link rel=\"canonical\" href=\"https:\/\/naitup.com\/en\/quatro-roof-top-tent\/\" \/>\n<meta property=\"og:locale\" content=\"en_GB\" \/>\n<meta property=\"og:type\" content=\"article\" \/>\n<meta property=\"og:title\" content=\"Quatr\u00f6 roof top tent - Na\u00eftUp\" \/>\n<meta property=\"og:description\" content=\"The Quatr\u00f6 roof tent is the flagship model of our range. It can accommodate up to 2 adults and 2 children or 3 adults. This roof tent, ultra-compact when closed, has an impressive volume when opened. Its comfortable and spacious bedding ensures you restful nights before setting off on your adventure.\" \/>\n<meta property=\"og:url\" content=\"https:\/\/naitup.com\/en\/quatro-roof-top-tent\/\" \/>\n<meta property=\"og:site_name\" content=\"Na\u00eftUp\" \/>\n<meta property=\"article:publisher\" content=\"https:\/\/fr-fr.facebook.com\/NaitUp.France\/\" \/>\n<meta property=\"article:modified_time\" content=\"2023-11-09T12:40:22+00:00\" \/>\n<meta property=\"og:image\" content=\"https:\/\/naitup.com\/wp-content\/uploads\/2023\/04\/bg_hussarde-quatro.jpg\" \/>\n\t<meta property=\"og:image:width\" content=\"1650\" \/>\n\t<meta property=\"og:image:height\" content=\"580\" \/>\n\t<meta property=\"og:image:type\" content=\"image\/jpeg\" \/>\n<meta name=\"twitter:card\" content=\"summary_large_image\" \/>\n<meta name=\"twitter:label1\" content=\"Estimated reading time\" \/>\n\t<meta name=\"twitter:data1\" content=\"1 minute\" \/>\n<script type=\"application\/ld+json\" class=\"yoast-schema-graph\">{\"@context\":\"https:\/\/schema.org\",\"@graph\":[{\"@type\":\"WebPage\",\"@id\":\"https:\/\/naitup.com\/en\/quatro-roof-top-tent\/\",\"url\":\"https:\/\/naitup.com\/en\/quatro-roof-top-tent\/\",\"name\":\"Quatr\u00f6 roof top tent - Na\u00eftUp\",\"isPartOf\":{\"@id\":\"https:\/\/naitup.com\/en\/#website\"},\"primaryImageOfPage\":{\"@id\":\"https:\/\/naitup.com\/en\/quatro-roof-top-tent\/#primaryimage\"},\"image\":{\"@id\":\"https:\/\/naitup.com\/en\/quatro-roof-top-tent\/#primaryimage\"},\"thumbnailUrl\":\"https:\/\/naitup.com\/wp-content\/uploads\/2023\/04\/bg_hussarde-quatro.jpg\",\"datePublished\":\"2023-04-05T13:18:45+00:00\",\"dateModified\":\"2023-11-09T12:40:22+00:00\",\"breadcrumb\":{\"@id\":\"https:\/\/naitup.com\/en\/quatro-roof-top-tent\/#breadcrumb\"},\"inLanguage\":\"en-GB\",\"potentialAction\":[{\"@type\":\"ReadAction\",\"target\":[\"https:\/\/naitup.com\/en\/quatro-roof-top-tent\/\"]}]},{\"@type\":\"ImageObject\",\"inLanguage\":\"en-GB\",\"@id\":\"https:\/\/naitup.com\/en\/quatro-roof-top-tent\/#primaryimage\",\"url\":\"https:\/\/naitup.com\/wp-content\/uploads\/2023\/04\/bg_hussarde-quatro.jpg\",\"contentUrl\":\"https:\/\/naitup.com\/wp-content\/uploads\/2023\/04\/bg_hussarde-quatro.jpg\",\"width\":1650,\"height\":580,\"caption\":\"femme dans une tente de toit Hussarde Quatr\u00f6\"},{\"@type\":\"BreadcrumbList\",\"@id\":\"https:\/\/naitup.com\/en\/quatro-roof-top-tent\/#breadcrumb\",\"itemListElement\":[{\"@type\":\"ListItem\",\"position\":1,\"name\":\"Accueil\",\"item\":\"https:\/\/naitup.com\/en\/\"},{\"@type\":\"ListItem\",\"position\":2,\"name\":\"Quatr\u00f6 roof top tent\"}]},{\"@type\":\"WebSite\",\"@id\":\"https:\/\/naitup.com\/en\/#website\",\"url\":\"https:\/\/naitup.com\/en\/\",\"name\":\"Na\u00eftUp\",\"description\":\"Tentes de toit\",\"publisher\":{\"@id\":\"https:\/\/naitup.com\/en\/#organization\"},\"potentialAction\":[{\"@type\":\"SearchAction\",\"target\":{\"@type\":\"EntryPoint\",\"urlTemplate\":\"https:\/\/naitup.com\/en\/?s={search_term_string}\"},\"query-input\":{\"@type\":\"PropertyValueSpecification\",\"valueRequired\":true,\"valueName\":\"search_term_string\"}}],\"inLanguage\":\"en-GB\"},{\"@type\":\"Organization\",\"@id\":\"https:\/\/naitup.com\/en\/#organization\",\"name\":\"Na\u00eftUp\",\"alternateName\":\"Tentes de toit Na\u00eftUp\",\"url\":\"https:\/\/naitup.com\/en\/\",\"logo\":{\"@type\":\"ImageObject\",\"inLanguage\":\"en-GB\",\"@id\":\"https:\/\/naitup.com\/en\/#\/schema\/logo\/image\/\",\"url\":\"https:\/\/naitup.com\/wp-content\/uploads\/2022\/02\/cropped-logo_carre_1000-1.png\",\"contentUrl\":\"https:\/\/naitup.com\/wp-content\/uploads\/2022\/02\/cropped-logo_carre_1000-1.png\",\"width\":512,\"height\":512,\"caption\":\"Na\u00eftUp\"},\"image\":{\"@id\":\"https:\/\/naitup.com\/en\/#\/schema\/logo\/image\/\"},\"sameAs\":[\"https:\/\/fr-fr.facebook.com\/NaitUp.France\/\",\"https:\/\/www.pinterest.fr\/naitup1538\/\",\"https:\/\/www.instagram.com\/naitup.hussarde\/?hl=fr\",\"https:\/\/fr.linkedin.com\/company\/na\u00eftup\",\"https:\/\/www.youtube.com\/user\/NaitUpTeam\"]}]}<\/script>\n<!-- \/ Yoast SEO plugin. -->","yoast_head_json":{"title":"Quatr\u00f6 roof top tent - Na\u00eftUp","robots":{"index":"index","follow":"follow","max-snippet":"max-snippet:-1","max-image-preview":"max-image-preview:large","max-video-preview":"max-video-preview:-1"},"canonical":"https:\/\/naitup.com\/en\/quatro-roof-top-tent\/","og_locale":"en_GB","og_type":"article","og_title":"Quatr\u00f6 roof top tent - Na\u00eftUp","og_description":"The Quatr\u00f6 roof tent is the flagship model of our range. It can accommodate up to 2 adults and 2 children or 3 adults. This roof tent, ultra-compact when closed, has an impressive volume when opened. Its comfortable and spacious bedding ensures you restful nights before setting off on your adventure.","og_url":"https:\/\/naitup.com\/en\/quatro-roof-top-tent\/","og_site_name":"Na\u00eftUp","article_publisher":"https:\/\/fr-fr.facebook.com\/NaitUp.France\/","article_modified_time":"2023-11-09T12:40:22+00:00","og_image":[{"width":1650,"height":580,"url":"https:\/\/naitup.com\/wp-content\/uploads\/2023\/04\/bg_hussarde-quatro.jpg","type":"image\/jpeg"}],"twitter_card":"summary_large_image","twitter_misc":{"Estimated reading time":"1 minute"},"schema":{"@context":"https:\/\/schema.org","@graph":[{"@type":"WebPage","@id":"https:\/\/naitup.com\/en\/quatro-roof-top-tent\/","url":"https:\/\/naitup.com\/en\/quatro-roof-top-tent\/","name":"Quatr\u00f6 roof top tent - Na\u00eftUp","isPartOf":{"@id":"https:\/\/naitup.com\/en\/#website"},"primaryImageOfPage":{"@id":"https:\/\/naitup.com\/en\/quatro-roof-top-tent\/#primaryimage"},"image":{"@id":"https:\/\/naitup.com\/en\/quatro-roof-top-tent\/#primaryimage"},"thumbnailUrl":"https:\/\/naitup.com\/wp-content\/uploads\/2023\/04\/bg_hussarde-quatro.jpg","datePublished":"2023-04-05T13:18:45+00:00","dateModified":"2023-11-09T12:40:22+00:00","breadcrumb":{"@id":"https:\/\/naitup.com\/en\/quatro-roof-top-tent\/#breadcrumb"},"inLanguage":"en-GB","potentialAction":[{"@type":"ReadAction","target":["https:\/\/naitup.com\/en\/quatro-roof-top-tent\/"]}]},{"@type":"ImageObject","inLanguage":"en-GB","@id":"https:\/\/naitup.com\/en\/quatro-roof-top-tent\/#primaryimage","url":"https:\/\/naitup.com\/wp-content\/uploads\/2023\/04\/bg_hussarde-quatro.jpg","contentUrl":"https:\/\/naitup.com\/wp-content\/uploads\/2023\/04\/bg_hussarde-quatro.jpg","width":1650,"height":580,"caption":"femme dans une tente de toit Hussarde Quatr\u00f6"},{"@type":"BreadcrumbList","@id":"https:\/\/naitup.com\/en\/quatro-roof-top-tent\/#breadcrumb","itemListElement":[{"@type":"ListItem","position":1,"name":"Accueil","item":"https:\/\/naitup.com\/en\/"},{"@type":"ListItem","position":2,"name":"Quatr\u00f6 roof top tent"}]},{"@type":"WebSite","@id":"https:\/\/naitup.com\/en\/#website","url":"https:\/\/naitup.com\/en\/","name":"Na\u00eftUp","description":"Tentes de toit","publisher":{"@id":"https:\/\/naitup.com\/en\/#organization"},"potentialAction":[{"@type":"SearchAction","target":{"@type":"EntryPoint","urlTemplate":"https:\/\/naitup.com\/en\/?s={search_term_string}"},"query-input":{"@type":"PropertyValueSpecification","valueRequired":true,"valueName":"search_term_string"}}],"inLanguage":"en-GB"},{"@type":"Organization","@id":"https:\/\/naitup.com\/en\/#organization","name":"Na\u00eftUp","alternateName":"Tentes de toit Na\u00eftUp","url":"https:\/\/naitup.com\/en\/","logo":{"@type":"ImageObject","inLanguage":"en-GB","@id":"https:\/\/naitup.com\/en\/#\/schema\/logo\/image\/","url":"https:\/\/naitup.com\/wp-content\/uploads\/2022\/02\/cropped-logo_carre_1000-1.png","contentUrl":"https:\/\/naitup.com\/wp-content\/uploads\/2022\/02\/cropped-logo_carre_1000-1.png","width":512,"height":512,"caption":"Na\u00eftUp"},"image":{"@id":"https:\/\/naitup.com\/en\/#\/schema\/logo\/image\/"},"sameAs":["https:\/\/fr-fr.facebook.com\/NaitUp.France\/","https:\/\/www.pinterest.fr\/naitup1538\/","https:\/\/www.instagram.com\/naitup.hussarde\/?hl=fr","https:\/\/fr.linkedin.com\/company\/na\u00eftup","https:\/\/www.youtube.com\/user\/NaitUpTeam"]}]}},"_links":{"self":[{"href":"https:\/\/naitup.com\/en\/wp-json\/wp\/v2\/pages\/395333","targetHints":{"allow":["GET"]}}],"collection":[{"href":"https:\/\/naitup.com\/en\/wp-json\/wp\/v2\/pages"}],"about":[{"href":"https:\/\/naitup.com\/en\/wp-json\/wp\/v2\/types\/page"}],"author":[{"embeddable":true,"href":"https:\/\/naitup.com\/en\/wp-json\/wp\/v2\/users\/10"}],"replies":[{"embeddable":true,"href":"https:\/\/naitup.com\/en\/wp-json\/wp\/v2\/comments?post=395333"}],"version-history":[{"count":3,"href":"https:\/\/naitup.com\/en\/wp-json\/wp\/v2\/pages\/395333\/revisions"}],"predecessor-version":[{"id":395611,"href":"https:\/\/naitup.com\/en\/wp-json\/wp\/v2\/pages\/395333\/revisions\/395611"}],"wp:featuredmedia":[{"embeddable":true,"href":"https:\/\/naitup.com\/en\/wp-json\/wp\/v2\/media\/392757"}],"wp:attachment":[{"href":"https:\/\/naitup.com\/en\/wp-json\/wp\/v2\/media?parent=395333"}],"curies":[{"name":"wp","href":"https:\/\/api.w.org\/{rel}","templated":true}]}}