{"id":395369,"date":"2023-04-06T09:32:32","date_gmt":"2023-04-06T07:32:32","guid":{"rendered":"https:\/\/naitup.com\/?page_id=395369"},"modified":"2023-11-08T16:55:11","modified_gmt":"2023-11-08T15:55:11","slug":"welcome-to-the-family","status":"publish","type":"page","link":"https:\/\/naitup.com\/en\/welcome-to-the-family\/","title":{"rendered":"Welcome to the family"},"content":{"rendered":"<p>The Na\u00eftUp brand was created in 2010 by Patrice. The team grew in 2015 when Thierry Villi\u00e8res joined as co-manager adding his industrial processes expertise.<\/p>\n<p>Since, around thirty happy enthusiasts have joined in the careful production, sale, distribution, and the creation of new models, supporting Na\u00eftUpers everywhere.<\/p>\n<p>Your Na\u00eftUp tent is such a well-designed and cosy cocoon able to follow you into the best adventures precisely thanks to the human values of the team.<\/p>\n","protected":false},"excerpt":{"rendered":"<p>The Na\u00eftUp brand was created in 2010 by Patrice. The team grew in 2015 when Thierry Villi\u00e8res joined as co-manager adding his industrial processes expertise. Since, around thirty happy enthusiasts have joined in the careful production, sale, distribution, and the creation of new models, supporting Na\u00eftUpers everywhere. Your Na\u00eftUp tent is such a well-designed and [&hellip;]<\/p>\n","protected":false},"author":10,"featured_media":392856,"parent":0,"menu_order":0,"comment_status":"closed","ping_status":"closed","template":"page-block-builder.php","meta":{"_acf_changed":false,"footnotes":""},"class_list":["post-395369","page","type-page","status-publish","has-post-thumbnail","hentry"],"acf":[],"yoast_head":"<!-- This site is optimized with the Yoast SEO plugin v24.2 - https:\/\/yoast.com\/wordpress\/plugins\/seo\/ -->\n<title>Na\u00eftUp: The French roof tent maker<\/title>\n<meta name=\"description\" content=\"At Na\u00eftUp we design and make roof tents that adapt to all vehicles at our workshop in Al\u00e8s, at the gateway to the Cevennes.\" \/>\n<meta name=\"robots\" content=\"index, follow, max-snippet:-1, max-image-preview:large, max-video-preview:-1\" \/>\n<link rel=\"canonical\" href=\"https:\/\/naitup.com\/en\/welcome-to-the-family\/\" \/>\n<meta property=\"og:locale\" content=\"en_GB\" \/>\n<meta property=\"og:type\" content=\"article\" \/>\n<meta property=\"og:title\" content=\"Na\u00eftUp: The French roof tent maker\" \/>\n<meta property=\"og:description\" content=\"At Na\u00eftUp we design and make roof tents that adapt to all vehicles at our workshop in Al\u00e8s, at the gateway to the Cevennes.\" \/>\n<meta property=\"og:url\" content=\"https:\/\/naitup.com\/en\/welcome-to-the-family\/\" \/>\n<meta property=\"og:site_name\" content=\"Na\u00eftUp\" \/>\n<meta property=\"article:publisher\" content=\"https:\/\/fr-fr.facebook.com\/NaitUp.France\/\" \/>\n<meta property=\"article:modified_time\" content=\"2023-11-08T15:55:11+00:00\" \/>\n<meta property=\"og:image\" content=\"https:\/\/naitup.com\/wp-content\/uploads\/2023\/04\/bg_qui-sommes-nous.jpg\" \/>\n\t<meta property=\"og:image:width\" content=\"1640\" \/>\n\t<meta property=\"og:image:height\" content=\"485\" \/>\n\t<meta property=\"og:image:type\" content=\"image\/jpeg\" \/>\n<meta name=\"twitter:card\" content=\"summary_large_image\" \/>\n<meta name=\"twitter:label1\" content=\"Estimated reading time\" \/>\n\t<meta name=\"twitter:data1\" content=\"1 minute\" \/>\n<script type=\"application\/ld+json\" class=\"yoast-schema-graph\">{\"@context\":\"https:\/\/schema.org\",\"@graph\":[{\"@type\":\"WebPage\",\"@id\":\"https:\/\/naitup.com\/en\/welcome-to-the-family\/\",\"url\":\"https:\/\/naitup.com\/en\/welcome-to-the-family\/\",\"name\":\"Na\u00eftUp: The French roof tent maker\",\"isPartOf\":{\"@id\":\"https:\/\/naitup.com\/en\/#website\"},\"primaryImageOfPage\":{\"@id\":\"https:\/\/naitup.com\/en\/welcome-to-the-family\/#primaryimage\"},\"image\":{\"@id\":\"https:\/\/naitup.com\/en\/welcome-to-the-family\/#primaryimage\"},\"thumbnailUrl\":\"https:\/\/naitup.com\/wp-content\/uploads\/2023\/04\/bg_qui-sommes-nous.jpg\",\"datePublished\":\"2023-04-06T07:32:32+00:00\",\"dateModified\":\"2023-11-08T15:55:11+00:00\",\"description\":\"At Na\u00eftUp we design and make roof tents that adapt to all vehicles at our workshop in Al\u00e8s, at the gateway to the Cevennes.\",\"breadcrumb\":{\"@id\":\"https:\/\/naitup.com\/en\/welcome-to-the-family\/#breadcrumb\"},\"inLanguage\":\"en-GB\",\"potentialAction\":[{\"@type\":\"ReadAction\",\"target\":[\"https:\/\/naitup.com\/en\/welcome-to-the-family\/\"]}]},{\"@type\":\"ImageObject\",\"inLanguage\":\"en-GB\",\"@id\":\"https:\/\/naitup.com\/en\/welcome-to-the-family\/#primaryimage\",\"url\":\"https:\/\/naitup.com\/wp-content\/uploads\/2023\/04\/bg_qui-sommes-nous.jpg\",\"contentUrl\":\"https:\/\/naitup.com\/wp-content\/uploads\/2023\/04\/bg_qui-sommes-nous.jpg\",\"width\":1640,\"height\":485,\"caption\":\"2 voitures avec tente de toit Hussarde NaitUp\"},{\"@type\":\"BreadcrumbList\",\"@id\":\"https:\/\/naitup.com\/en\/welcome-to-the-family\/#breadcrumb\",\"itemListElement\":[{\"@type\":\"ListItem\",\"position\":1,\"name\":\"Accueil\",\"item\":\"https:\/\/naitup.com\/en\/\"},{\"@type\":\"ListItem\",\"position\":2,\"name\":\"Welcome to the family\"}]},{\"@type\":\"WebSite\",\"@id\":\"https:\/\/naitup.com\/en\/#website\",\"url\":\"https:\/\/naitup.com\/en\/\",\"name\":\"Na\u00eftUp\",\"description\":\"Tentes de toit\",\"publisher\":{\"@id\":\"https:\/\/naitup.com\/en\/#organization\"},\"potentialAction\":[{\"@type\":\"SearchAction\",\"target\":{\"@type\":\"EntryPoint\",\"urlTemplate\":\"https:\/\/naitup.com\/en\/?s={search_term_string}\"},\"query-input\":{\"@type\":\"PropertyValueSpecification\",\"valueRequired\":true,\"valueName\":\"search_term_string\"}}],\"inLanguage\":\"en-GB\"},{\"@type\":\"Organization\",\"@id\":\"https:\/\/naitup.com\/en\/#organization\",\"name\":\"Na\u00eftUp\",\"alternateName\":\"Tentes de toit Na\u00eftUp\",\"url\":\"https:\/\/naitup.com\/en\/\",\"logo\":{\"@type\":\"ImageObject\",\"inLanguage\":\"en-GB\",\"@id\":\"https:\/\/naitup.com\/en\/#\/schema\/logo\/image\/\",\"url\":\"https:\/\/naitup.com\/wp-content\/uploads\/2022\/02\/cropped-logo_carre_1000-1.png\",\"contentUrl\":\"https:\/\/naitup.com\/wp-content\/uploads\/2022\/02\/cropped-logo_carre_1000-1.png\",\"width\":512,\"height\":512,\"caption\":\"Na\u00eftUp\"},\"image\":{\"@id\":\"https:\/\/naitup.com\/en\/#\/schema\/logo\/image\/\"},\"sameAs\":[\"https:\/\/fr-fr.facebook.com\/NaitUp.France\/\",\"https:\/\/www.pinterest.fr\/naitup1538\/\",\"https:\/\/www.instagram.com\/naitup.hussarde\/?hl=fr\",\"https:\/\/fr.linkedin.com\/company\/na\u00eftup\",\"https:\/\/www.youtube.com\/user\/NaitUpTeam\"]}]}<\/script>\n<!-- \/ Yoast SEO plugin. -->","yoast_head_json":{"title":"Na\u00eftUp: The French roof tent maker","description":"At Na\u00eftUp we design and make roof tents that adapt to all vehicles at our workshop in Al\u00e8s, at the gateway to the Cevennes.","robots":{"index":"index","follow":"follow","max-snippet":"max-snippet:-1","max-image-preview":"max-image-preview:large","max-video-preview":"max-video-preview:-1"},"canonical":"https:\/\/naitup.com\/en\/welcome-to-the-family\/","og_locale":"en_GB","og_type":"article","og_title":"Na\u00eftUp: The French roof tent maker","og_description":"At Na\u00eftUp we design and make roof tents that adapt to all vehicles at our workshop in Al\u00e8s, at the gateway to the Cevennes.","og_url":"https:\/\/naitup.com\/en\/welcome-to-the-family\/","og_site_name":"Na\u00eftUp","article_publisher":"https:\/\/fr-fr.facebook.com\/NaitUp.France\/","article_modified_time":"2023-11-08T15:55:11+00:00","og_image":[{"width":1640,"height":485,"url":"https:\/\/naitup.com\/wp-content\/uploads\/2023\/04\/bg_qui-sommes-nous.jpg","type":"image\/jpeg"}],"twitter_card":"summary_large_image","twitter_misc":{"Estimated reading time":"1 minute"},"schema":{"@context":"https:\/\/schema.org","@graph":[{"@type":"WebPage","@id":"https:\/\/naitup.com\/en\/welcome-to-the-family\/","url":"https:\/\/naitup.com\/en\/welcome-to-the-family\/","name":"Na\u00eftUp: The French roof tent maker","isPartOf":{"@id":"https:\/\/naitup.com\/en\/#website"},"primaryImageOfPage":{"@id":"https:\/\/naitup.com\/en\/welcome-to-the-family\/#primaryimage"},"image":{"@id":"https:\/\/naitup.com\/en\/welcome-to-the-family\/#primaryimage"},"thumbnailUrl":"https:\/\/naitup.com\/wp-content\/uploads\/2023\/04\/bg_qui-sommes-nous.jpg","datePublished":"2023-04-06T07:32:32+00:00","dateModified":"2023-11-08T15:55:11+00:00","description":"At Na\u00eftUp we design and make roof tents that adapt to all vehicles at our workshop in Al\u00e8s, at the gateway to the Cevennes.","breadcrumb":{"@id":"https:\/\/naitup.com\/en\/welcome-to-the-family\/#breadcrumb"},"inLanguage":"en-GB","potentialAction":[{"@type":"ReadAction","target":["https:\/\/naitup.com\/en\/welcome-to-the-family\/"]}]},{"@type":"ImageObject","inLanguage":"en-GB","@id":"https:\/\/naitup.com\/en\/welcome-to-the-family\/#primaryimage","url":"https:\/\/naitup.com\/wp-content\/uploads\/2023\/04\/bg_qui-sommes-nous.jpg","contentUrl":"https:\/\/naitup.com\/wp-content\/uploads\/2023\/04\/bg_qui-sommes-nous.jpg","width":1640,"height":485,"caption":"2 voitures avec tente de toit Hussarde NaitUp"},{"@type":"BreadcrumbList","@id":"https:\/\/naitup.com\/en\/welcome-to-the-family\/#breadcrumb","itemListElement":[{"@type":"ListItem","position":1,"name":"Accueil","item":"https:\/\/naitup.com\/en\/"},{"@type":"ListItem","position":2,"name":"Welcome to the family"}]},{"@type":"WebSite","@id":"https:\/\/naitup.com\/en\/#website","url":"https:\/\/naitup.com\/en\/","name":"Na\u00eftUp","description":"Tentes de toit","publisher":{"@id":"https:\/\/naitup.com\/en\/#organization"},"potentialAction":[{"@type":"SearchAction","target":{"@type":"EntryPoint","urlTemplate":"https:\/\/naitup.com\/en\/?s={search_term_string}"},"query-input":{"@type":"PropertyValueSpecification","valueRequired":true,"valueName":"search_term_string"}}],"inLanguage":"en-GB"},{"@type":"Organization","@id":"https:\/\/naitup.com\/en\/#organization","name":"Na\u00eftUp","alternateName":"Tentes de toit Na\u00eftUp","url":"https:\/\/naitup.com\/en\/","logo":{"@type":"ImageObject","inLanguage":"en-GB","@id":"https:\/\/naitup.com\/en\/#\/schema\/logo\/image\/","url":"https:\/\/naitup.com\/wp-content\/uploads\/2022\/02\/cropped-logo_carre_1000-1.png","contentUrl":"https:\/\/naitup.com\/wp-content\/uploads\/2022\/02\/cropped-logo_carre_1000-1.png","width":512,"height":512,"caption":"Na\u00eftUp"},"image":{"@id":"https:\/\/naitup.com\/en\/#\/schema\/logo\/image\/"},"sameAs":["https:\/\/fr-fr.facebook.com\/NaitUp.France\/","https:\/\/www.pinterest.fr\/naitup1538\/","https:\/\/www.instagram.com\/naitup.hussarde\/?hl=fr","https:\/\/fr.linkedin.com\/company\/na\u00eftup","https:\/\/www.youtube.com\/user\/NaitUpTeam"]}]}},"_links":{"self":[{"href":"https:\/\/naitup.com\/en\/wp-json\/wp\/v2\/pages\/395369","targetHints":{"allow":["GET"]}}],"collection":[{"href":"https:\/\/naitup.com\/en\/wp-json\/wp\/v2\/pages"}],"about":[{"href":"https:\/\/naitup.com\/en\/wp-json\/wp\/v2\/types\/page"}],"author":[{"embeddable":true,"href":"https:\/\/naitup.com\/en\/wp-json\/wp\/v2\/users\/10"}],"replies":[{"embeddable":true,"href":"https:\/\/naitup.com\/en\/wp-json\/wp\/v2\/comments?post=395369"}],"version-history":[{"count":3,"href":"https:\/\/naitup.com\/en\/wp-json\/wp\/v2\/pages\/395369\/revisions"}],"predecessor-version":[{"id":395610,"href":"https:\/\/naitup.com\/en\/wp-json\/wp\/v2\/pages\/395369\/revisions\/395610"}],"wp:featuredmedia":[{"embeddable":true,"href":"https:\/\/naitup.com\/en\/wp-json\/wp\/v2\/media\/392856"}],"wp:attachment":[{"href":"https:\/\/naitup.com\/en\/wp-json\/wp\/v2\/media?parent=395369"}],"curies":[{"name":"wp","href":"https:\/\/api.w.org\/{rel}","templated":true}]}}