{"id":395426,"date":"2023-04-03T11:12:54","date_gmt":"2023-04-03T09:12:54","guid":{"rendered":"https:\/\/naitup.com\/?page_id=395426"},"modified":"2025-08-04T11:48:26","modified_gmt":"2025-08-04T09:48:26","slug":"accueil-2-2","status":"publish","type":"page","link":"https:\/\/naitup.com\/en\/","title":{"rendered":"Les tentes de toit"},"content":{"rendered":"<p>Na\u00eftUp is a human adventure where boldness and excellence reign supreme. Our tents are made in France, in Al\u00e8s, in the Gard region, and are eco-designed to preserve the environment that gives us such wonderful moments. Sustainability, kindness, reliability, boldness, local manufacturing, and practicality are the values that drive us.<\/p>\n","protected":false},"excerpt":{"rendered":"<p>Na\u00eftUp is a human adventure where boldness and excellence reign supreme. Our tents are made in France, in Al\u00e8s, in the Gard region, and are eco-designed to preserve the environment that gives us such wonderful moments. Sustainability, kindness, reliability, boldness, local manufacturing, and practicality are the values that drive us.<\/p>\n","protected":false},"author":10,"featured_media":0,"parent":0,"menu_order":0,"comment_status":"closed","ping_status":"closed","template":"page-home.php","meta":{"_acf_changed":false,"footnotes":""},"class_list":["post-395426","page","type-page","status-publish","hentry"],"acf":[],"yoast_head":"<!-- This site is optimized with the Yoast SEO plugin v24.2 - https:\/\/yoast.com\/wordpress\/plugins\/seo\/ -->\n<title>La tente de toit fabriqu\u00e9e en France - Na\u00eftUp<\/title>\n<meta name=\"description\" content=\"Tente de toit Hussarde pour tout v\u00e9hicule, ouverture et fermeture rapide. Tente de toit de 2, 3, 4 et 5 places suivant le mod\u00e8le.\" \/>\n<meta name=\"robots\" content=\"index, follow, max-snippet:-1, max-image-preview:large, max-video-preview:-1\" \/>\n<link rel=\"canonical\" href=\"https:\/\/naitup.com\/en\/\" \/>\n<meta property=\"og:locale\" content=\"en_GB\" \/>\n<meta property=\"og:type\" content=\"article\" \/>\n<meta property=\"og:title\" content=\"La tente de toit fabriqu\u00e9e en France - Na\u00eftUp\" \/>\n<meta property=\"og:description\" content=\"Tente de toit Hussarde pour tout v\u00e9hicule, ouverture et fermeture rapide. Tente de toit de 2, 3, 4 et 5 places suivant le mod\u00e8le.\" \/>\n<meta property=\"og:url\" content=\"https:\/\/naitup.com\/en\/\" \/>\n<meta property=\"og:site_name\" content=\"Na\u00eftUp\" \/>\n<meta property=\"article:publisher\" content=\"https:\/\/fr-fr.facebook.com\/NaitUp.France\/\" \/>\n<meta property=\"article:modified_time\" content=\"2025-08-04T09:48:26+00:00\" \/>\n<meta name=\"twitter:card\" content=\"summary_large_image\" \/>\n<meta name=\"twitter:label1\" content=\"Estimated reading time\" \/>\n\t<meta name=\"twitter:data1\" content=\"1 minute\" \/>\n<script type=\"application\/ld+json\" class=\"yoast-schema-graph\">{\"@context\":\"https:\/\/schema.org\",\"@graph\":[{\"@type\":\"WebPage\",\"@id\":\"https:\/\/naitup.com\/en\/\",\"url\":\"https:\/\/naitup.com\/en\/\",\"name\":\"La tente de toit fabriqu\u00e9e en France - Na\u00eftUp\",\"isPartOf\":{\"@id\":\"https:\/\/naitup.com\/en\/#website\"},\"datePublished\":\"2023-04-03T09:12:54+00:00\",\"dateModified\":\"2025-08-04T09:48:26+00:00\",\"description\":\"Tente de toit Hussarde pour tout v\u00e9hicule, ouverture et fermeture rapide. Tente de toit de 2, 3, 4 et 5 places suivant le mod\u00e8le.\",\"breadcrumb\":{\"@id\":\"https:\/\/naitup.com\/en\/#breadcrumb\"},\"inLanguage\":\"en-GB\",\"potentialAction\":[{\"@type\":\"ReadAction\",\"target\":[\"https:\/\/naitup.com\/en\/\"]}]},{\"@type\":\"BreadcrumbList\",\"@id\":\"https:\/\/naitup.com\/en\/#breadcrumb\",\"itemListElement\":[{\"@type\":\"ListItem\",\"position\":1,\"name\":\"Accueil\",\"item\":\"https:\/\/naitup.com\/en\/\"},{\"@type\":\"ListItem\",\"position\":2,\"name\":\"Les tentes de toit\"}]},{\"@type\":\"WebSite\",\"@id\":\"https:\/\/naitup.com\/en\/#website\",\"url\":\"https:\/\/naitup.com\/en\/\",\"name\":\"Na\u00eftUp\",\"description\":\"Tentes de toit\",\"publisher\":{\"@id\":\"https:\/\/naitup.com\/en\/#organization\"},\"potentialAction\":[{\"@type\":\"SearchAction\",\"target\":{\"@type\":\"EntryPoint\",\"urlTemplate\":\"https:\/\/naitup.com\/en\/?s={search_term_string}\"},\"query-input\":{\"@type\":\"PropertyValueSpecification\",\"valueRequired\":true,\"valueName\":\"search_term_string\"}}],\"inLanguage\":\"en-GB\"},{\"@type\":\"Organization\",\"@id\":\"https:\/\/naitup.com\/en\/#organization\",\"name\":\"Na\u00eftUp\",\"alternateName\":\"Tentes de toit Na\u00eftUp\",\"url\":\"https:\/\/naitup.com\/en\/\",\"logo\":{\"@type\":\"ImageObject\",\"inLanguage\":\"en-GB\",\"@id\":\"https:\/\/naitup.com\/en\/#\/schema\/logo\/image\/\",\"url\":\"https:\/\/naitup.com\/wp-content\/uploads\/2022\/02\/cropped-logo_carre_1000-1.png\",\"contentUrl\":\"https:\/\/naitup.com\/wp-content\/uploads\/2022\/02\/cropped-logo_carre_1000-1.png\",\"width\":512,\"height\":512,\"caption\":\"Na\u00eftUp\"},\"image\":{\"@id\":\"https:\/\/naitup.com\/en\/#\/schema\/logo\/image\/\"},\"sameAs\":[\"https:\/\/fr-fr.facebook.com\/NaitUp.France\/\",\"https:\/\/www.pinterest.fr\/naitup1538\/\",\"https:\/\/www.instagram.com\/naitup.hussarde\/?hl=fr\",\"https:\/\/fr.linkedin.com\/company\/na\u00eftup\",\"https:\/\/www.youtube.com\/user\/NaitUpTeam\"]}]}<\/script>\n<!-- \/ Yoast SEO plugin. -->","yoast_head_json":{"title":"La tente de toit fabriqu\u00e9e en France - Na\u00eftUp","description":"Tente de toit Hussarde pour tout v\u00e9hicule, ouverture et fermeture rapide. Tente de toit de 2, 3, 4 et 5 places suivant le mod\u00e8le.","robots":{"index":"index","follow":"follow","max-snippet":"max-snippet:-1","max-image-preview":"max-image-preview:large","max-video-preview":"max-video-preview:-1"},"canonical":"https:\/\/naitup.com\/en\/","og_locale":"en_GB","og_type":"article","og_title":"La tente de toit fabriqu\u00e9e en France - Na\u00eftUp","og_description":"Tente de toit Hussarde pour tout v\u00e9hicule, ouverture et fermeture rapide. Tente de toit de 2, 3, 4 et 5 places suivant le mod\u00e8le.","og_url":"https:\/\/naitup.com\/en\/","og_site_name":"Na\u00eftUp","article_publisher":"https:\/\/fr-fr.facebook.com\/NaitUp.France\/","article_modified_time":"2025-08-04T09:48:26+00:00","twitter_card":"summary_large_image","twitter_misc":{"Estimated reading time":"1 minute"},"schema":{"@context":"https:\/\/schema.org","@graph":[{"@type":"WebPage","@id":"https:\/\/naitup.com\/en\/","url":"https:\/\/naitup.com\/en\/","name":"La tente de toit fabriqu\u00e9e en France - Na\u00eftUp","isPartOf":{"@id":"https:\/\/naitup.com\/en\/#website"},"datePublished":"2023-04-03T09:12:54+00:00","dateModified":"2025-08-04T09:48:26+00:00","description":"Tente de toit Hussarde pour tout v\u00e9hicule, ouverture et fermeture rapide. Tente de toit de 2, 3, 4 et 5 places suivant le mod\u00e8le.","breadcrumb":{"@id":"https:\/\/naitup.com\/en\/#breadcrumb"},"inLanguage":"en-GB","potentialAction":[{"@type":"ReadAction","target":["https:\/\/naitup.com\/en\/"]}]},{"@type":"BreadcrumbList","@id":"https:\/\/naitup.com\/en\/#breadcrumb","itemListElement":[{"@type":"ListItem","position":1,"name":"Accueil","item":"https:\/\/naitup.com\/en\/"},{"@type":"ListItem","position":2,"name":"Les tentes de toit"}]},{"@type":"WebSite","@id":"https:\/\/naitup.com\/en\/#website","url":"https:\/\/naitup.com\/en\/","name":"Na\u00eftUp","description":"Tentes de toit","publisher":{"@id":"https:\/\/naitup.com\/en\/#organization"},"potentialAction":[{"@type":"SearchAction","target":{"@type":"EntryPoint","urlTemplate":"https:\/\/naitup.com\/en\/?s={search_term_string}"},"query-input":{"@type":"PropertyValueSpecification","valueRequired":true,"valueName":"search_term_string"}}],"inLanguage":"en-GB"},{"@type":"Organization","@id":"https:\/\/naitup.com\/en\/#organization","name":"Na\u00eftUp","alternateName":"Tentes de toit Na\u00eftUp","url":"https:\/\/naitup.com\/en\/","logo":{"@type":"ImageObject","inLanguage":"en-GB","@id":"https:\/\/naitup.com\/en\/#\/schema\/logo\/image\/","url":"https:\/\/naitup.com\/wp-content\/uploads\/2022\/02\/cropped-logo_carre_1000-1.png","contentUrl":"https:\/\/naitup.com\/wp-content\/uploads\/2022\/02\/cropped-logo_carre_1000-1.png","width":512,"height":512,"caption":"Na\u00eftUp"},"image":{"@id":"https:\/\/naitup.com\/en\/#\/schema\/logo\/image\/"},"sameAs":["https:\/\/fr-fr.facebook.com\/NaitUp.France\/","https:\/\/www.pinterest.fr\/naitup1538\/","https:\/\/www.instagram.com\/naitup.hussarde\/?hl=fr","https:\/\/fr.linkedin.com\/company\/na\u00eftup","https:\/\/www.youtube.com\/user\/NaitUpTeam"]}]}},"_links":{"self":[{"href":"https:\/\/naitup.com\/en\/wp-json\/wp\/v2\/pages\/395426","targetHints":{"allow":["GET"]}}],"collection":[{"href":"https:\/\/naitup.com\/en\/wp-json\/wp\/v2\/pages"}],"about":[{"href":"https:\/\/naitup.com\/en\/wp-json\/wp\/v2\/types\/page"}],"author":[{"embeddable":true,"href":"https:\/\/naitup.com\/en\/wp-json\/wp\/v2\/users\/10"}],"replies":[{"embeddable":true,"href":"https:\/\/naitup.com\/en\/wp-json\/wp\/v2\/comments?post=395426"}],"version-history":[{"count":3,"href":"https:\/\/naitup.com\/en\/wp-json\/wp\/v2\/pages\/395426\/revisions"}],"predecessor-version":[{"id":398659,"href":"https:\/\/naitup.com\/en\/wp-json\/wp\/v2\/pages\/395426\/revisions\/398659"}],"wp:attachment":[{"href":"https:\/\/naitup.com\/en\/wp-json\/wp\/v2\/media?parent=395426"}],"curies":[{"name":"wp","href":"https:\/\/api.w.org\/{rel}","templated":true}]}}