{"id":398663,"date":"2025-06-18T16:17:47","date_gmt":"2025-06-18T14:17:47","guid":{"rendered":"https:\/\/naitup.com\/all-about-our-rooftop-tents\/duo-escape\/"},"modified":"2025-08-04T16:23:18","modified_gmt":"2025-08-04T14:23:18","slug":"duo-escape","status":"publish","type":"page","link":"https:\/\/naitup.com\/en\/all-about-our-rooftop-tents\/duo-escape\/","title":{"rendered":"Du\u00f6 Escape"},"content":{"rendered":"","protected":false},"excerpt":{"rendered":"","protected":false},"author":10,"featured_media":398564,"parent":395329,"menu_order":0,"comment_status":"closed","ping_status":"closed","template":"page-product.php","meta":{"_acf_changed":false,"footnotes":""},"class_list":["post-398663","page","type-page","status-publish","has-post-thumbnail","hentry"],"acf":[],"yoast_head":"<!-- This site is optimized with the Yoast SEO plugin v24.2 - https:\/\/yoast.com\/wordpress\/plugins\/seo\/ -->\n<title>Du\u00f6 Escape \u2013 Tente de toit compacte 2 places | Na\u00eftUp<\/title>\n<meta name=\"description\" content=\"La Du\u00f6 Escape est une tente de toit compacte, rapide \u00e0 installer, parfaite pour voyager en solo ou en duo. Fabriqu\u00e9e en France.\" \/>\n<meta name=\"robots\" content=\"index, follow, max-snippet:-1, max-image-preview:large, max-video-preview:-1\" \/>\n<link rel=\"canonical\" href=\"https:\/\/naitup.com\/en\/all-about-our-rooftop-tents\/duo-escape\/\" \/>\n<meta property=\"og:locale\" content=\"en_GB\" \/>\n<meta property=\"og:type\" content=\"article\" \/>\n<meta property=\"og:title\" content=\"Du\u00f6 Escape \u2013 Tente de toit compacte 2 places | Na\u00eftUp\" \/>\n<meta property=\"og:description\" content=\"La Du\u00f6 Escape est une tente de toit compacte, rapide \u00e0 installer, parfaite pour voyager en solo ou en duo. Fabriqu\u00e9e en France.\" \/>\n<meta property=\"og:url\" content=\"https:\/\/naitup.com\/en\/all-about-our-rooftop-tents\/duo-escape\/\" \/>\n<meta property=\"og:site_name\" content=\"Na\u00eftUp\" \/>\n<meta property=\"article:publisher\" content=\"https:\/\/fr-fr.facebook.com\/NaitUp.France\/\" \/>\n<meta property=\"article:modified_time\" content=\"2025-08-04T14:23:18+00:00\" \/>\n<meta property=\"og:image\" content=\"https:\/\/naitup.com\/wp-content\/uploads\/2025\/07\/Duo-Escape.avif\" \/>\n\t<meta property=\"og:image:width\" content=\"1477\" \/>\n\t<meta property=\"og:image:height\" content=\"300\" \/>\n\t<meta property=\"og:image:type\" content=\"image\/png\" \/>\n<meta name=\"twitter:card\" content=\"summary_large_image\" \/>\n<meta name=\"twitter:label1\" content=\"Estimated reading time\" \/>\n\t<meta name=\"twitter:data1\" content=\"1 minute\" \/>\n<script type=\"application\/ld+json\" class=\"yoast-schema-graph\">{\"@context\":\"https:\/\/schema.org\",\"@graph\":[{\"@type\":\"WebPage\",\"@id\":\"https:\/\/naitup.com\/en\/all-about-our-rooftop-tents\/duo-escape\/\",\"url\":\"https:\/\/naitup.com\/en\/all-about-our-rooftop-tents\/duo-escape\/\",\"name\":\"Du\u00f6 Escape \u2013 Tente de toit compacte 2 places | Na\u00eftUp\",\"isPartOf\":{\"@id\":\"https:\/\/naitup.com\/en\/#website\"},\"primaryImageOfPage\":{\"@id\":\"https:\/\/naitup.com\/en\/all-about-our-rooftop-tents\/duo-escape\/#primaryimage\"},\"image\":{\"@id\":\"https:\/\/naitup.com\/en\/all-about-our-rooftop-tents\/duo-escape\/#primaryimage\"},\"thumbnailUrl\":\"https:\/\/naitup.com\/wp-content\/uploads\/2025\/07\/Duo-Escape.avif\",\"datePublished\":\"2025-06-18T14:17:47+00:00\",\"dateModified\":\"2025-08-04T14:23:18+00:00\",\"description\":\"La Du\u00f6 Escape est une tente de toit compacte, rapide \u00e0 installer, parfaite pour voyager en solo ou en duo. Fabriqu\u00e9e en France.\",\"breadcrumb\":{\"@id\":\"https:\/\/naitup.com\/en\/all-about-our-rooftop-tents\/duo-escape\/#breadcrumb\"},\"inLanguage\":\"en-GB\",\"potentialAction\":[{\"@type\":\"ReadAction\",\"target\":[\"https:\/\/naitup.com\/en\/all-about-our-rooftop-tents\/duo-escape\/\"]}]},{\"@type\":\"ImageObject\",\"inLanguage\":\"en-GB\",\"@id\":\"https:\/\/naitup.com\/en\/all-about-our-rooftop-tents\/duo-escape\/#primaryimage\",\"url\":\"https:\/\/naitup.com\/wp-content\/uploads\/2025\/07\/Duo-Escape.avif\",\"contentUrl\":\"https:\/\/naitup.com\/wp-content\/uploads\/2025\/07\/Duo-Escape.avif\",\"width\":1477,\"height\":300},{\"@type\":\"BreadcrumbList\",\"@id\":\"https:\/\/naitup.com\/en\/all-about-our-rooftop-tents\/duo-escape\/#breadcrumb\",\"itemListElement\":[{\"@type\":\"ListItem\",\"position\":1,\"name\":\"Accueil\",\"item\":\"https:\/\/naitup.com\/en\/\"},{\"@type\":\"ListItem\",\"position\":2,\"name\":\"All about our rooftop tents\",\"item\":\"https:\/\/naitup.com\/en\/all-about-our-rooftop-tents\/\"},{\"@type\":\"ListItem\",\"position\":3,\"name\":\"Du\u00f6 Escape\"}]},{\"@type\":\"WebSite\",\"@id\":\"https:\/\/naitup.com\/en\/#website\",\"url\":\"https:\/\/naitup.com\/en\/\",\"name\":\"Na\u00eftUp\",\"description\":\"Tentes de toit\",\"publisher\":{\"@id\":\"https:\/\/naitup.com\/en\/#organization\"},\"potentialAction\":[{\"@type\":\"SearchAction\",\"target\":{\"@type\":\"EntryPoint\",\"urlTemplate\":\"https:\/\/naitup.com\/en\/?s={search_term_string}\"},\"query-input\":{\"@type\":\"PropertyValueSpecification\",\"valueRequired\":true,\"valueName\":\"search_term_string\"}}],\"inLanguage\":\"en-GB\"},{\"@type\":\"Organization\",\"@id\":\"https:\/\/naitup.com\/en\/#organization\",\"name\":\"Na\u00eftUp\",\"alternateName\":\"Tentes de toit Na\u00eftUp\",\"url\":\"https:\/\/naitup.com\/en\/\",\"logo\":{\"@type\":\"ImageObject\",\"inLanguage\":\"en-GB\",\"@id\":\"https:\/\/naitup.com\/en\/#\/schema\/logo\/image\/\",\"url\":\"https:\/\/naitup.com\/wp-content\/uploads\/2022\/02\/cropped-logo_carre_1000-1.png\",\"contentUrl\":\"https:\/\/naitup.com\/wp-content\/uploads\/2022\/02\/cropped-logo_carre_1000-1.png\",\"width\":512,\"height\":512,\"caption\":\"Na\u00eftUp\"},\"image\":{\"@id\":\"https:\/\/naitup.com\/en\/#\/schema\/logo\/image\/\"},\"sameAs\":[\"https:\/\/fr-fr.facebook.com\/NaitUp.France\/\",\"https:\/\/www.pinterest.fr\/naitup1538\/\",\"https:\/\/www.instagram.com\/naitup.hussarde\/?hl=fr\",\"https:\/\/fr.linkedin.com\/company\/na\u00eftup\",\"https:\/\/www.youtube.com\/user\/NaitUpTeam\"]}]}<\/script>\n<!-- \/ Yoast SEO plugin. -->","yoast_head_json":{"title":"Du\u00f6 Escape \u2013 Tente de toit compacte 2 places | Na\u00eftUp","description":"La Du\u00f6 Escape est une tente de toit compacte, rapide \u00e0 installer, parfaite pour voyager en solo ou en duo. Fabriqu\u00e9e en France.","robots":{"index":"index","follow":"follow","max-snippet":"max-snippet:-1","max-image-preview":"max-image-preview:large","max-video-preview":"max-video-preview:-1"},"canonical":"https:\/\/naitup.com\/en\/all-about-our-rooftop-tents\/duo-escape\/","og_locale":"en_GB","og_type":"article","og_title":"Du\u00f6 Escape \u2013 Tente de toit compacte 2 places | Na\u00eftUp","og_description":"La Du\u00f6 Escape est une tente de toit compacte, rapide \u00e0 installer, parfaite pour voyager en solo ou en duo. Fabriqu\u00e9e en France.","og_url":"https:\/\/naitup.com\/en\/all-about-our-rooftop-tents\/duo-escape\/","og_site_name":"Na\u00eftUp","article_publisher":"https:\/\/fr-fr.facebook.com\/NaitUp.France\/","article_modified_time":"2025-08-04T14:23:18+00:00","og_image":[{"width":1477,"height":300,"url":"https:\/\/naitup.com\/wp-content\/uploads\/2025\/07\/Duo-Escape.avif","type":"image\/png"}],"twitter_card":"summary_large_image","twitter_misc":{"Estimated reading time":"1 minute"},"schema":{"@context":"https:\/\/schema.org","@graph":[{"@type":"WebPage","@id":"https:\/\/naitup.com\/en\/all-about-our-rooftop-tents\/duo-escape\/","url":"https:\/\/naitup.com\/en\/all-about-our-rooftop-tents\/duo-escape\/","name":"Du\u00f6 Escape \u2013 Tente de toit compacte 2 places | Na\u00eftUp","isPartOf":{"@id":"https:\/\/naitup.com\/en\/#website"},"primaryImageOfPage":{"@id":"https:\/\/naitup.com\/en\/all-about-our-rooftop-tents\/duo-escape\/#primaryimage"},"image":{"@id":"https:\/\/naitup.com\/en\/all-about-our-rooftop-tents\/duo-escape\/#primaryimage"},"thumbnailUrl":"https:\/\/naitup.com\/wp-content\/uploads\/2025\/07\/Duo-Escape.avif","datePublished":"2025-06-18T14:17:47+00:00","dateModified":"2025-08-04T14:23:18+00:00","description":"La Du\u00f6 Escape est une tente de toit compacte, rapide \u00e0 installer, parfaite pour voyager en solo ou en duo. Fabriqu\u00e9e en France.","breadcrumb":{"@id":"https:\/\/naitup.com\/en\/all-about-our-rooftop-tents\/duo-escape\/#breadcrumb"},"inLanguage":"en-GB","potentialAction":[{"@type":"ReadAction","target":["https:\/\/naitup.com\/en\/all-about-our-rooftop-tents\/duo-escape\/"]}]},{"@type":"ImageObject","inLanguage":"en-GB","@id":"https:\/\/naitup.com\/en\/all-about-our-rooftop-tents\/duo-escape\/#primaryimage","url":"https:\/\/naitup.com\/wp-content\/uploads\/2025\/07\/Duo-Escape.avif","contentUrl":"https:\/\/naitup.com\/wp-content\/uploads\/2025\/07\/Duo-Escape.avif","width":1477,"height":300},{"@type":"BreadcrumbList","@id":"https:\/\/naitup.com\/en\/all-about-our-rooftop-tents\/duo-escape\/#breadcrumb","itemListElement":[{"@type":"ListItem","position":1,"name":"Accueil","item":"https:\/\/naitup.com\/en\/"},{"@type":"ListItem","position":2,"name":"All about our rooftop tents","item":"https:\/\/naitup.com\/en\/all-about-our-rooftop-tents\/"},{"@type":"ListItem","position":3,"name":"Du\u00f6 Escape"}]},{"@type":"WebSite","@id":"https:\/\/naitup.com\/en\/#website","url":"https:\/\/naitup.com\/en\/","name":"Na\u00eftUp","description":"Tentes de toit","publisher":{"@id":"https:\/\/naitup.com\/en\/#organization"},"potentialAction":[{"@type":"SearchAction","target":{"@type":"EntryPoint","urlTemplate":"https:\/\/naitup.com\/en\/?s={search_term_string}"},"query-input":{"@type":"PropertyValueSpecification","valueRequired":true,"valueName":"search_term_string"}}],"inLanguage":"en-GB"},{"@type":"Organization","@id":"https:\/\/naitup.com\/en\/#organization","name":"Na\u00eftUp","alternateName":"Tentes de toit Na\u00eftUp","url":"https:\/\/naitup.com\/en\/","logo":{"@type":"ImageObject","inLanguage":"en-GB","@id":"https:\/\/naitup.com\/en\/#\/schema\/logo\/image\/","url":"https:\/\/naitup.com\/wp-content\/uploads\/2022\/02\/cropped-logo_carre_1000-1.png","contentUrl":"https:\/\/naitup.com\/wp-content\/uploads\/2022\/02\/cropped-logo_carre_1000-1.png","width":512,"height":512,"caption":"Na\u00eftUp"},"image":{"@id":"https:\/\/naitup.com\/en\/#\/schema\/logo\/image\/"},"sameAs":["https:\/\/fr-fr.facebook.com\/NaitUp.France\/","https:\/\/www.pinterest.fr\/naitup1538\/","https:\/\/www.instagram.com\/naitup.hussarde\/?hl=fr","https:\/\/fr.linkedin.com\/company\/na\u00eftup","https:\/\/www.youtube.com\/user\/NaitUpTeam"]}]}},"_links":{"self":[{"href":"https:\/\/naitup.com\/en\/wp-json\/wp\/v2\/pages\/398663","targetHints":{"allow":["GET"]}}],"collection":[{"href":"https:\/\/naitup.com\/en\/wp-json\/wp\/v2\/pages"}],"about":[{"href":"https:\/\/naitup.com\/en\/wp-json\/wp\/v2\/types\/page"}],"author":[{"embeddable":true,"href":"https:\/\/naitup.com\/en\/wp-json\/wp\/v2\/users\/10"}],"replies":[{"embeddable":true,"href":"https:\/\/naitup.com\/en\/wp-json\/wp\/v2\/comments?post=398663"}],"version-history":[{"count":2,"href":"https:\/\/naitup.com\/en\/wp-json\/wp\/v2\/pages\/398663\/revisions"}],"predecessor-version":[{"id":398679,"href":"https:\/\/naitup.com\/en\/wp-json\/wp\/v2\/pages\/398663\/revisions\/398679"}],"up":[{"embeddable":true,"href":"https:\/\/naitup.com\/en\/wp-json\/wp\/v2\/pages\/395329"}],"wp:featuredmedia":[{"embeddable":true,"href":"https:\/\/naitup.com\/en\/wp-json\/wp\/v2\/media\/398564"}],"wp:attachment":[{"href":"https:\/\/naitup.com\/en\/wp-json\/wp\/v2\/media?parent=398663"}],"curies":[{"name":"wp","href":"https:\/\/api.w.org\/{rel}","templated":true}]}}